{"id":115,"date":"2025-07-07T21:45:18","date_gmt":"2025-07-07T21:45:18","guid":{"rendered":"https:\/\/guangobusiness.group\/?page_id=115"},"modified":"2025-07-08T00:41:46","modified_gmt":"2025-07-08T00:41:46","slug":"contacto","status":"publish","type":"page","link":"https:\/\/guangobusiness.group\/en\/contacto\/","title":{"rendered":"contacto"},"content":{"rendered":"<section class=\"bde-section-115-100 bde-section\">\n  \n  \n\t\n\n\n\n<div class=\"section-container\"><h1 class=\"bde-heading-115-101 bde-heading\">\n\u00bfTienes una marca? \u00bfUna idea?\n<\/h1><div class=\"bde-text-115-102 bde-text\">\no quieres saber m\u00e1s acerca de lo que hacemos, estamos aqu\u00ed para ayudarte.\n<\/div><div class=\"bde-columns-115-103 bde-columns\"><div class=\"bde-column-115-104 bde-column\">\n  \n  \n\t\n\n\n\n<div class=\"bde-div-115-105 bde-div\">\n              \n  \n  \n\t\n\n  <div class=\"section-background-overlay\"><\/div>\n\n\n<div class=\"bde-columns-115-106 bde-columns\"><div class=\"bde-column-115-107 bde-column\">\n  \n  \n\t\n\n\n\n<div class=\"bde-google-map-115-108 bde-google-map\">\n\r\n<iframe width=\"100%\" height=\"100%\" style=\"border:0\" loading=\"lazy\" title=\"Map\" src=\"https:\/\/maps.google.com\/maps?q=Guango+Co.&t=m&z=16&output=embed&iwloc=near\" allowfullscreen><\/iframe>\n\n<\/div>\n<\/div><\/div>\n<\/div><div class=\"bde-div-115-109 bde-div\">\n  \n  \n\t\n\n\n\n<div class=\"bde-button-115-110 bde-button\">\n    \n                                    \n    \n    \n    \n    \n            \n                    \n            \n            \n\n    \n    \n    \n    \n    \n    <a class=\"breakdance-link button-atom button-atom--primary bde-button__button\" href=\"https:\/\/www.google.com\/maps\/place\/\/data=!4m3!3m2!1s0x80d949ad9e6ca851:0x23b8f235d05e0268!12e1\" target=\"_blank\" data-type=\"url\"  >\n\n    \n        <span class=\"button-atom__text\">Escribir Review<\/span>\n\n        \n        \n                <\/a>\n\n    \n\n\n<\/div><div class=\"bde-button-115-111 bde-button\">\n    \n                                    \n    \n    \n    \n    \n            \n                    \n            \n            \n\n    \n    \n    \n    \n    \n    <a class=\"breakdance-link button-atom button-atom--secondary bde-button__button\" href=\"https:\/\/maps.app.goo.gl\/cvGL9rE83TueCv3r6\" target=\"_blank\" data-type=\"url\"  >\n\n    \n        <span class=\"button-atom__text\">Google Maps<\/span>\n\n        \n        \n                <\/a>\n\n    \n\n\n<\/div>\n<\/div>\n<\/div><div class=\"bde-column-115-112 bde-column\">\n  \n  \n\t\n\n\n\n<div class=\"bde-form-builder-115-113 bde-form-builder\">\n\n\n<form id=\"contact-form113\" class=\"breakdance-form breakdance-form--vertical\" data-options=\"{&quot;slug&quot;:&quot;custom&quot;,&quot;name&quot;:&quot;Contact Form&quot;,&quot;ajaxUrl&quot;:&quot;https:\\\/\\\/guangobusiness.group\\\/wp-admin\\\/admin-ajax.php&quot;,&quot;clearOnSuccess&quot;:true,&quot;hideOnSuccess&quot;:false,&quot;successMessage&quot;:&quot;Su mensaje ha sido recibido.&quot;,&quot;errorMessage&quot;:&quot;Algo sali\\u00f3 mal&quot;,&quot;redirect&quot;:false,&quot;redirectUrl&quot;:&quot;&quot;,&quot;customJavaScript&quot;:&quot;&quot;,&quot;recaptcha&quot;:{&quot;key&quot;:&quot;&quot;,&quot;enabled&quot;:false},&quot;honeypot_enabled&quot;:false,&quot;popupsOnSuccess&quot;:[],&quot;popupsOnError&quot;:[]}\" data-steps=\"0\" action=\"\" >\n  \n  \n  \n<div class=\"breakdance-form-field breakdance-form-field--text\" >\n    \n    \n            <label class=\"breakdance-form-field__label\" for=\"nombre\">\n            Nombre<span class=\"breakdance-form-field__required\">*<\/span>\n        <\/label>\n    \n    <input\n    class=\"breakdance-form-field__input\"\n    id=\"nombre\"\n    aria-describedby=\"nombre\"\n    type=\"text\"\n    name=\"fields[nombre]\"\n    placeholder=\"Nombre Apellido\"\n    value=\"\"\n                \n        \n        \n    required\n>\n\n\n    \n    \n<\/div>\n\n\n<div class=\"breakdance-form-field breakdance-form-field--email\" >\n    \n    \n            <label class=\"breakdance-form-field__label\" for=\"email\">\n            Email<span class=\"breakdance-form-field__required\">*<\/span>\n        <\/label>\n    \n    <input\n    class=\"breakdance-form-field__input\"\n    id=\"email\"\n    aria-describedby=\"email\"\n    type=\"email\"\n    name=\"fields[email]\"\n    placeholder=\"tucorreo@correo.com\"\n    value=\"\"\n                \n        \n        \n    required\n>\n\n\n    \n    \n<\/div>\n\n\n<div class=\"breakdance-form-field breakdance-form-field--tel\" >\n    \n    \n            <label class=\"breakdance-form-field__label\" for=\"telefono\">\n            Whatsapp o Tel.\n        <\/label>\n    \n    <input\n    class=\"breakdance-form-field__input\"\n    id=\"telefono\"\n    aria-describedby=\"telefono\"\n    type=\"tel\"\n    name=\"fields[telefono]\"\n    placeholder=\"+525555555555\"\n    value=\"\"\n                \n        \n        \n    \n    \n    \n>\n\n\n    \n    \n<\/div>\n\n\n<div class=\"breakdance-form-field breakdance-form-field--text\" >\n    \n    \n            <label class=\"breakdance-form-field__label\" for=\"empresa\">\n            \u00bfEmpresa o Proyecto?\n        <\/label>\n    \n    <input\n    class=\"breakdance-form-field__input\"\n    id=\"empresa\"\n    aria-describedby=\"empresa\"\n    type=\"text\"\n    name=\"fields[empresa]\"\n    placeholder=\"Empresa SA de CV\"\n    value=\"\"\n                \n        \n        \n    \n    \n    \n>\n\n\n    \n    \n<\/div>\n\n\n<div class=\"breakdance-form-field breakdance-form-field--select\" >\n    \n    \n            <label class=\"breakdance-form-field__label\" for=\"servicio\">\n            \u00bfEn qu\u00e9 servicio estas interesado?\n        <\/label>\n    \n    <select\n    class=\"breakdance-form-field__input\"\n    id=\"servicio\"\n    name=\"fields[servicio]\"\n    \n    \n        >\n      <option value=\"\">Selecciona una opci\u00f3n<\/option>\n          <option value=\"Membres\u00edas\" >Membres\u00edas<\/option>\n        <option value=\"Sitio web\" >Sitio web<\/option>\n        <option value=\"Logotipo\" >Logotipo<\/option>\n        <option value=\"Ilustraci\u00f3n Digital\" >Ilustraci\u00f3n Digital<\/option>\n        <option value=\"CRM\" >CRM<\/option>\n        <option value=\"Auditor\u00eda de marca\" >Auditor\u00eda de marca<\/option>\n        <option value=\"Otros Servicios\" >Otros Servicios<\/option>\n  <\/select>\n\n\n    \n    \n<\/div>\n\n\n<div class=\"breakdance-form-field breakdance-form-field--radio\" >\n    \n    \n    \n      <fieldset role=\"radiogroup\"\n          aria-label=\"\u00bfC\u00f3mo nos conociste?\"\n      >\n          <legend class=\"breakdance-form-field__label\">\u00bfC\u00f3mo nos conociste?<\/legend>\n                <div class=\"breakdance-form-radio\">\n            <input\n                type=\"radio\"\n                name=\"fields[conocer][]\"\n                value=\"Facebook\"\n                id=\"conocer-1\"\n                \n                \n                            >\n            <label class=\"breakdance-form-radio__text\" for=\"conocer-1\">Facebook<\/label>\n        <\/div>\n            <div class=\"breakdance-form-radio\">\n            <input\n                type=\"radio\"\n                name=\"fields[conocer][]\"\n                value=\"Instagram\"\n                id=\"conocer-2\"\n                \n                \n                            >\n            <label class=\"breakdance-form-radio__text\" for=\"conocer-2\">Instagram<\/label>\n        <\/div>\n            <div class=\"breakdance-form-radio\">\n            <input\n                type=\"radio\"\n                name=\"fields[conocer][]\"\n                value=\"Google\"\n                id=\"conocer-3\"\n                \n                \n                            >\n            <label class=\"breakdance-form-radio__text\" for=\"conocer-3\">Google<\/label>\n        <\/div>\n            <div class=\"breakdance-form-radio\">\n            <input\n                type=\"radio\"\n                name=\"fields[conocer][]\"\n                value=\"Recomendaci\u00f3n\"\n                id=\"conocer-4\"\n                \n                \n                            >\n            <label class=\"breakdance-form-radio__text\" for=\"conocer-4\">Recomendaci\u00f3n<\/label>\n        <\/div>\n      <\/fieldset>\n\n\n    \n    \n<\/div>\n\n\n<div class=\"breakdance-form-field breakdance-form-field--textarea\" >\n    \n    \n            <label class=\"breakdance-form-field__label\" for=\"mensaje\">\n            Mensaje<span class=\"breakdance-form-field__required\">*<\/span>\n        <\/label>\n    \n    <textarea\n    class=\"breakdance-form-field__input\"\n    id=\"mensaje\"\n    aria-describedby=\"mensaje\"\n    type=\"textarea\"\n    name=\"fields[mensaje]\"\n        placeholder=\"Descr\u00edbenos tu proyecto o pregunta.\"\n    required\n>\n<\/textarea>\n\n\n    \n    \n<\/div>\n\n\n  \n\n<div class=\"breakdance-form-field breakdance-form-footer\">\n    \n    \n                                    \n    \n    \n    \n    \n            \n            <button type=\"submit\" class=\"button-atom button-atom--primary breakdance-form-button breakdance-form-button__submit\"  >\n    \n        <span class=\"button-atom__text\">Enviar<\/span>\n\n        \n        \n            <\/button>\n    \n    <input type=\"hidden\" name=\"form_id\" value=\"113\">\n    <input type=\"hidden\" name=\"post_id\" value=\"115\">\n<\/div>\n\n  \n<input type=\"hidden\" name=\"trp-form-language\" value=\"en\"\/><\/form>\n\n\n\n<\/div>\n<\/div><\/div><\/div>\n<\/section><section class=\"bde-section-115-114 bde-section\">\n  \n  \n\t\n\n\n\n<div class=\"section-container\"><div class=\"bde-columns-115-115 bde-columns\"><div class=\"bde-column-115-116 bde-column\">\n  \n  \n\t\n\n\n\n<div class=\"bde-icon-115-117 bde-icon\">\n\n    \n            <div class=\"bde-icon-icon breakdance-icon-atom\" >\n    \n                    <svg xmlns=\"http:\/\/www.w3.org\/2000\/svg\" width=\"24\" height=\"24\" viewbox=\"0 0 24 24\" fill-rule=\"evenodd\" clip-rule=\"evenodd\"><path d=\"M12 2h2v2h2v3.702l7 2.618v12.68h1v1h-24v-1h1v-11h6v-8h2v-2h2v-2h1v2zm3 3h-7v18h1v-2h5v2h1v-18zm-2 17h-3v1h3v-1zm8 1h1v-11.987l-6-2.243v14.23h1v-2h4v2zm-14-10h-5v10h1v-2h3v2h1v-10zm-2 9h-1v1h1v-1zm15 0h-2v1h2v-1zm-16-5v2h-1v-2h1zm2 0v2h-1v-2h1zm5-10v12h-1v-12h1zm10 11v1h-4v-1h4zm-8-11v12h-1v-12h1zm8 9v1h-4v-1h4zm-17-2v2h-1v-2h1zm2 0v2h-1v-2h1zm15 0v1h-4v-1h4zm0-2v1h-4v-1h4zm-8-9h-3v1h3v-1z\"\/><\/svg>\n        \n        \n        \n            <\/div>\n    \n\n\n<\/div><div class=\"bde-text-115-118 bde-text\">\nGuango LLC<br>California, USA.\n<\/div>\n<\/div><div class=\"bde-column-115-119 bde-column\">\n  \n  \n\t\n\n\n\n<div class=\"bde-icon-115-120 bde-icon\">\n\n    \n            <div class=\"bde-icon-icon breakdance-icon-atom\" >\n    \n                    <svg xmlns=\"http:\/\/www.w3.org\/2000\/svg\" width=\"24\" height=\"24\" viewbox=\"0 0 24 24\" fill-rule=\"evenodd\" clip-rule=\"evenodd\"><path d=\"M12 2h2v2h2v3.702l7 2.618v12.68h1v1h-24v-1h1v-11h6v-8h2v-2h2v-2h1v2zm3 3h-7v18h1v-2h5v2h1v-18zm-2 17h-3v1h3v-1zm8 1h1v-11.987l-6-2.243v14.23h1v-2h4v2zm-14-10h-5v10h1v-2h3v2h1v-10zm-2 9h-1v1h1v-1zm15 0h-2v1h2v-1zm-16-5v2h-1v-2h1zm2 0v2h-1v-2h1zm5-10v12h-1v-12h1zm10 11v1h-4v-1h4zm-8-11v12h-1v-12h1zm8 9v1h-4v-1h4zm-17-2v2h-1v-2h1zm2 0v2h-1v-2h1zm15 0v1h-4v-1h4zm0-2v1h-4v-1h4zm-8-9h-3v1h3v-1z\"\/><\/svg>\n        \n        \n        \n            <\/div>\n    \n\n\n<\/div><div class=\"bde-text-115-121 bde-text\">\nGuango Business Group\u00ae<br>Tijuana, B. C. M\u00e9xico\n<\/div>\n<\/div><div class=\"bde-column-115-122 bde-column\">\n  \n  \n\t\n\n\n\n<div class=\"bde-icon-115-123 bde-icon\">\n\n    \n            <div class=\"bde-icon-icon breakdance-icon-atom\" >\n    \n                    <svg xmlns=\"http:\/\/www.w3.org\/2000\/svg\" width=\"24\" height=\"24\" viewbox=\"0 0 24 24\" fill=\"none\">\n<g clip-path=\"url(#clip0_626_2)\">\n<path fill-rule=\"evenodd\" clip-rule=\"evenodd\" d=\"M8.26016 1.289L6.69616 2.061C0.903156 5.081 9.49416 23.005 16.0062 23.005C16.4662 23.005 16.9102 22.911 17.3232 22.721L18.8652 21.966L15.9672 16.372L14.4272 17.126C14.2462 17.213 14.0432 17.26 13.8302 17.26C11.2692 17.26 6.98916 9.056 9.58916 7.664L11.1352 6.901L8.26016 1.289V1.289ZM16.0062 24C10.3262 24 3.78516 12.886 3.78516 6.168C3.78516 3.749 4.61816 2.022 6.24216 1.176L8.62416 0L12.4812 7.347L10.0442 8.548C8.60516 9.32 12.4532 16.972 14.0002 16.228L16.3992 15.049L20.2152 22.409C20.2152 22.409 17.8552 23.571 17.7392 23.624C17.1922 23.875 16.6102 24 16.0062 24\"\/>\n<\/g>\n<defs>\n<clippath id=\"clip0_626_2\">\n<rect width=\"24\" height=\"24\" fill=\"white\"\/>\n<\/clippath>\n<\/defs>\n<\/svg>\n        \n        \n        \n            <\/div>\n    \n\n\n<\/div><div class=\"bde-text-115-124 bde-text\">\nUSA: +1 619 732 5599<br>MX: +52 663 106 2162\n<\/div>\n<\/div><div class=\"bde-column-115-125 bde-column\">\n  \n  \n\t\n\n\n\n<div class=\"bde-icon-115-126 bde-icon\">\n\n    \n            <div class=\"bde-icon-icon breakdance-icon-atom\" >\n    \n                    <svg xmlns=\"http:\/\/www.w3.org\/2000\/svg\" width=\"24\" height=\"24\" viewbox=\"0 0 24 24\" fill-rule=\"evenodd\" clip-rule=\"evenodd\"><path d=\"M12 0c6.623 0 12 5.377 12 12s-5.377 12-12 12-12-5.377-12-12 5.377-12 12-12zm0 1c6.071 0 11 4.929 11 11s-4.929 11-11 11-11-4.929-11-11 4.929-11 11-11zm0 11h6v1h-7v-9h1v8z\"\/><\/svg>\n        \n        \n        \n            <\/div>\n    \n\n\n<\/div><div class=\"bde-text-115-127 bde-text\">\nL - V: 9:00 - 17:00 hr<br>S: 9:00 - 14:00 hr\n<\/div>\n<\/div><\/div><\/div>\n<\/section>","protected":false},"excerpt":{"rendered":"<p>\u00bfTienes una marca? \u00bfUna idea? o quieres saber m\u00e1s acerca de lo que hacemos, estamos aqu\u00ed para ayudarte. Escribir Review Google Maps Nombre* Email* Whatsapp o Tel. \u00bfEmpresa o Proyecto? \u00bfEn qu\u00e9 servicio estas interesado? Selecciona una opci\u00f3n Membres\u00edas Sitio web Logotipo Ilustraci\u00f3n Digital CRM Auditor\u00eda de marca Otros Servicios \u00bfC\u00f3mo nos conociste? Facebook Instagram [&hellip;]<\/p>","protected":false},"author":1,"featured_media":0,"parent":0,"menu_order":0,"comment_status":"closed","ping_status":"closed","template":"","meta":{"_breakdance_hide_in_design_set":false,"_breakdance_tags":"","_joinchat":[],"footnotes":""},"class_list":["post-115","page","type-page","status-publish","hentry"],"_links":{"self":[{"href":"https:\/\/guangobusiness.group\/en\/wp-json\/wp\/v2\/pages\/115","targetHints":{"allow":["GET"]}}],"collection":[{"href":"https:\/\/guangobusiness.group\/en\/wp-json\/wp\/v2\/pages"}],"about":[{"href":"https:\/\/guangobusiness.group\/en\/wp-json\/wp\/v2\/types\/page"}],"author":[{"embeddable":true,"href":"https:\/\/guangobusiness.group\/en\/wp-json\/wp\/v2\/users\/1"}],"replies":[{"embeddable":true,"href":"https:\/\/guangobusiness.group\/en\/wp-json\/wp\/v2\/comments?post=115"}],"version-history":[{"count":0,"href":"https:\/\/guangobusiness.group\/en\/wp-json\/wp\/v2\/pages\/115\/revisions"}],"wp:attachment":[{"href":"https:\/\/guangobusiness.group\/en\/wp-json\/wp\/v2\/media?parent=115"}],"curies":[{"name":"wp","href":"https:\/\/api.w.org\/{rel}","templated":true}]}}