{"id":127,"date":"2025-07-07T22:54:59","date_gmt":"2025-07-07T22:54:59","guid":{"rendered":"https:\/\/guangobusiness.group\/?page_id=127"},"modified":"2025-07-08T15:51:56","modified_gmt":"2025-07-08T22:51:56","slug":"cultura","status":"publish","type":"page","link":"https:\/\/guangobusiness.group\/en\/cultura\/","title":{"rendered":"Culture"},"content":{"rendered":"<section class=\"bde-section-127-100 bde-section\">\n  \n  \n\t\n\n\n\n<div class=\"section-container\"><h1 class=\"bde-heading-127-101 bde-heading\">\nC\u00f3mo pensamos\n<\/h1><div class=\"bde-text-127-102 bde-text\">\nGuango Business Group\u00ae no es solo lo que hacemos. Es c\u00f3mo lo hacemos.\n<\/div><\/div>\n<\/section><section class=\"bde-section-127-103 bde-section\">\n  \n  \n\t\n\n\n\n<div class=\"section-container\"><div class=\"bde-columns-127-104 bde-columns\"><div class=\"bde-column-127-107 bde-column\">\n  \n  \n\t\n\n\n\n<h2 class=\"bde-heading-127-108 bde-heading\">\n\u00bfPor qu\u00e9 Guango?\n<\/h2><div class=\"bde-rich-text-127-110 bde-rich-text breakdance-rich-text-styles\">\n<p><span style=\"font-weight: 400;\">Porque lo que parec\u00eda \u201cflojo\u201d, \u201cinformal\u201d o \u201csuelto\u201d, result\u00f3 ser lo m\u00e1s adaptable, humano y creativo.<\/span><span style=\"font-weight: 400;\"><br \/><\/span><\/p><p><b>Guango no es d\u00e9bil. Guango es flexible. Guango no se rompe, evoluciona. <\/b><span style=\"font-weight: 400;\">Es nuestra forma de ver el dise\u00f1o, la estrategia y el negocio: sin rigidez, sin f\u00f3rmulas prefabricadas, sin miedo a probar.<\/span><\/p>\n<\/div>\n<\/div><div class=\"bde-column-127-105 bde-column\" data-entrance=\"slideUp\">\n  \n  \n\t\n\n\n\n<div class=\"bde-image-127-106 bde-image\">\n<figure class=\"breakdance-image breakdance-image--15\">\n\t<div class=\"breakdance-image-container\">\n\t\t<div class=\"breakdance-image-clip\"><img decoding=\"async\" class=\"breakdance-image-object\" src=\"https:\/\/guangobusiness.group\/wp-content\/uploads\/2024\/07\/cropped-logo-guango-vectores.png\" width=\"512\" height=\"512\" srcset=\"https:\/\/guangobusiness.group\/wp-content\/uploads\/2024\/07\/cropped-logo-guango-vectores.png 512w, https:\/\/guangobusiness.group\/wp-content\/uploads\/2024\/07\/cropped-logo-guango-vectores-300x300.png 300w, https:\/\/guangobusiness.group\/wp-content\/uploads\/2024\/07\/cropped-logo-guango-vectores-150x150.png 150w, https:\/\/guangobusiness.group\/wp-content\/uploads\/2024\/07\/cropped-logo-guango-vectores-270x270.png 270w, https:\/\/guangobusiness.group\/wp-content\/uploads\/2024\/07\/cropped-logo-guango-vectores-192x192.png 192w, https:\/\/guangobusiness.group\/wp-content\/uploads\/2024\/07\/cropped-logo-guango-vectores-180x180.png 180w, https:\/\/guangobusiness.group\/wp-content\/uploads\/2024\/07\/cropped-logo-guango-vectores-32x32.png 32w\" sizes=\"auto, (max-width: 512px) 100vw, 512px\" loading=\"lazy\"><\/div>\n\t<\/div><\/figure>\n\n<\/div>\n<\/div><\/div><div class=\"bde-columns-127-174 bde-columns\"><div class=\"bde-column-127-179 bde-column\" data-entrance=\"slideUp\">\n  \n  \n\t\n\n\n\n<h2 class=\"bde-heading-127-176 bde-heading\">\nTodo empez\u00f3 con una inconformidad...\n<\/h2><div class=\"bde-rich-text-127-177 bde-rich-text breakdance-rich-text-styles\">\n<p><span style=\"font-weight: 400;\">En un mundo lleno de agencias que hacen \u201cm\u00e1s de lo mismo\u201d \u2014copiar dise\u00f1os de Pinterest, vender humo como estrategia, entregar sin alma ni prop\u00f3sito\u2014, <\/span><b>naci\u00f3 Guango como un grito creativo<\/b><span style=\"font-weight: 400;\">.<\/span><\/p><p><span style=\"font-weight: 400;\"><br \/><\/span><span style=\"font-weight: 400;\">No fue un negocio planeado desde Excel, fue una necesidad: <\/span><b>hacer dise\u00f1o que funcione, que tenga cerebro, y que se sienta<\/b><span style=\"font-weight: 400;\">.<\/span><\/p>\n<\/div>\n<\/div><\/div><div class=\"bde-columns-127-181 bde-columns\"><div class=\"bde-column-127-182 bde-column\" data-entrance=\"slideUp\">\n  \n  \n\t\n\n\n\n<h3 class=\"bde-heading-127-183 bde-heading\">\nLuego... la idea se convirti\u00f3 en ecosistema\n<\/h3><div class=\"bde-rich-text-127-184 bde-rich-text breakdance-rich-text-styles\">\n<p><span style=\"font-weight: 400;\">Lo que empez\u00f3 como una agencia creativa, se convirti\u00f3 en un grupo multidisciplinario de marcas que se alimentan entre s\u00ed.<\/span><\/p><p><span style=\"font-weight: 400;\">Cada marca es una soluci\u00f3n con identidad propia, pero con el mismo <\/span><b>ADN Guango<\/b><span style=\"font-weight: 400;\">.<\/span><\/p>\n<\/div>\n<\/div><div class=\"bde-column-127-185 bde-column\" data-entrance=\"slideUp\">\n  \n  \n\t\n\n\n\n<div class=\"bde-rich-text-127-187 bde-rich-text breakdance-rich-text-styles\">\n<ul><li style=\"font-weight: 400;\" aria-level=\"1\"><b>Dise\u00f1amos marcas<\/b><span style=\"font-weight: 400;\"> \u2192 Guango Co.\u00ae<\/span><\/li><li style=\"font-weight: 400;\" aria-level=\"1\"><b>Desarrollamos sistemas<\/b><span style=\"font-weight: 400;\"> \u2192 SalesCaptor CRM\u00ae<\/span><\/li><li style=\"font-weight: 400;\" aria-level=\"1\"><b>Leemos el mercado<\/b><span style=\"font-weight: 400;\"> \u2192 Predizr\u00ae<\/span><\/li><li style=\"font-weight: 400;\" aria-level=\"1\"><b>Capacitamos con estilo<\/b><span style=\"font-weight: 400;\"> \u2192 Instr\u00factica LMS\u00ae<\/span><\/li><li style=\"font-weight: 400;\" aria-level=\"1\"><b>Dibujamos mundos<\/b><span style=\"font-weight: 400;\"> \u2192 Monitos Guangos\u00ae<\/span><\/li><\/ul>\n<\/div>\n<\/div><\/div><div class=\"bde-columns-127-188 bde-columns\"><div class=\"bde-column-127-189 bde-column\" data-entrance=\"slideUp\">\n  \n  \n\t\n\n\n\n<h3 class=\"bde-heading-127-190 bde-heading\">\nPero... Nuestra filosof\u00eda nunca cambi\u00f3\n<\/h3><div class=\"bde-rich-text-127-191 bde-rich-text breakdance-rich-text-styles\">\n<p><span style=\"font-weight: 400;\">Creemos que:<\/span><\/p>\n<\/div>\n<\/div><div class=\"bde-column-127-192 bde-column\" data-entrance=\"slideUp\">\n  \n  \n\t\n\n\n\n<div class=\"bde-rich-text-127-193 bde-rich-text breakdance-rich-text-styles\">\n<ul><li style=\"font-weight: 400;\" aria-level=\"1\"><span style=\"font-weight: 400;\">El dise\u00f1o sin intenci\u00f3n, no sirve.<\/span><\/li><li style=\"font-weight: 400;\" aria-level=\"1\"><span style=\"font-weight: 400;\">Lo bonito no basta: tiene que funcionar.<\/span><\/li><li style=\"font-weight: 400;\" aria-level=\"1\">Las marcas no nacen en PowerPoint, se construyen desde el prop\u00f3sito.<\/li><li style=\"font-weight: 400;\" aria-level=\"1\">Automatizar no es deshumanizar, es liberar tiempo para lo que importa.<\/li><li style=\"font-weight: 400;\" aria-level=\"1\">La creatividad puede (y debe) generar ingresos.<\/li><\/ul>\n<\/div>\n<\/div><\/div><div class=\"bde-columns-127-200 bde-columns\"><div class=\"bde-column-127-201 bde-column\" data-entrance=\"slideUp\">\n  \n  \n\t\n\n\n\n<h2 class=\"bde-heading-127-202 bde-heading\">\nY hacia all\u00e1 vamos...\n<\/h2><div class=\"bde-rich-text-127-203 bde-rich-text breakdance-rich-text-styles\">\n<p><span style=\"font-weight: 400;\">Nuestro objetivo no es ser la agencia m\u00e1s grande.<\/span><span style=\"font-weight: 400;\"><br \/><\/span><span style=\"font-weight: 400;\">Queremos ser el <\/span><b>ecosistema creativo m\u00e1s influyente del mundo hispano<\/b><span style=\"font-weight: 400;\">, donde marcas, personas y proyectos encuentren soluciones reales con est\u00e9tica y estrategia.<\/span><\/p><p><span style=\"font-weight: 400;\">Crecemos sin perder identidad. Innovamos sin perder humanidad.<\/span><span style=\"font-weight: 400;\"><br \/><\/span><span style=\"font-weight: 400;\">Porque cuando lo guango se vuelve firme, las ideas se vuelven imparables.<\/span><\/p>\n<\/div>\n<\/div><\/div><div class=\"bde-grid-127-206 bde-grid\">\n  \n  \n\t\n\n\n\n<div class=\"bde-columns-127-213 bde-columns\"><div class=\"bde-column-127-217 bde-column\" data-entrance=\"slideUp\">\n  \n  \n\t\n\n\n\n<h2 class=\"bde-heading-127-204 bde-heading\">\nAs\u00ed trabajamos\n<\/h2><div class=\"bde-text-127-205 bde-text\">\nNos involucramos, proponemos, no disfrazamos errores. Somos \u00e1giles, <strong>somos humanos.<\/strong>\n<\/div>\n<\/div><\/div><div class=\"bde-icon-box-127-207 bde-icon-box\">\n\n    \n            <div class=\"ee-iconbox-icon breakdance-icon-atom\" >\n    \n                    <svg xmlns=\"http:\/\/www.w3.org\/2000\/svg\" id=\"icon-search\" viewbox=\"0 0 32 32\">\n<path d=\"M31.008 27.231l-7.58-6.447c-0.784-0.705-1.622-1.029-2.299-0.998 1.789-2.096 2.87-4.815 2.87-7.787 0-6.627-5.373-12-12-12s-12 5.373-12 12 5.373 12 12 12c2.972 0 5.691-1.081 7.787-2.87-0.031 0.677 0.293 1.515 0.998 2.299l6.447 7.58c1.104 1.226 2.907 1.33 4.007 0.23s0.997-2.903-0.23-4.007zM12 20c-4.418 0-8-3.582-8-8s3.582-8 8-8 8 3.582 8 8-3.582 8-8 8z\"\/>\n<\/svg>\n        \n        \n        \n            <\/div>\n    \n\n<div class=\"ee-iconbox-content\">\n      <h4 class=\"ee-iconbox-title bde-h3\" >1. Diagn\u00f3stico<\/h4>\n        <div class=\"ee-iconbox-text\" >\u00bfQu\u00e9 se necesita realmente? \u00bfQu\u00e9 se quiere lograr?<\/div>\n    <\/div>\n\n<\/div><div class=\"bde-icon-box-127-208 bde-icon-box\">\n\n    \n            <div class=\"ee-iconbox-icon breakdance-icon-atom\" >\n    \n                    <svg xmlns=\"http:\/\/www.w3.org\/2000\/svg\" viewbox=\"0 0 512 512\"><!--! Font Awesome Free 6.5.1 by @fontawesome - https:\/\/fontawesome.com License - https:\/\/fontawesome.com\/license\/free (Icons: CC BY 4.0, Fonts: SIL OFL 1.1, Code: MIT License) Copyright 2023 Fonticons, Inc. --><path d=\"M410.3 231l11.3-11.3-33.9-33.9-62.1-62.1L291.7 89.8l-11.3 11.3-22.6 22.6L58.6 322.9c-10.4 10.4-18 23.3-22.2 37.4L1 480.7c-2.5 8.4-.2 17.5 6.1 23.7s15.3 8.5 23.7 6.1l120.3-35.4c14.1-4.2 27-11.8 37.4-22.2L387.7 253.7 410.3 231zM160 399.4l-9.1 22.7c-4 3.1-8.5 5.4-13.3 6.9L59.4 452l23-78.1c1.4-4.9 3.8-9.4 6.9-13.3l22.7-9.1v32c0 8.8 7.2 16 16 16h32zM362.7 18.7L348.3 33.2 325.7 55.8 314.3 67.1l33.9 33.9 62.1 62.1 33.9 33.9 11.3-11.3 22.6-22.6 14.5-14.5c25-25 25-65.5 0-90.5L453.3 18.7c-25-25-65.5-25-90.5 0zm-47.4 168l-144 144c-6.2 6.2-16.4 6.2-22.6 0s-6.2-16.4 0-22.6l144-144c6.2-6.2 16.4-6.2 22.6 0s6.2 16.4 0 22.6z\"\/><\/svg>\n        \n        \n        \n            <\/div>\n    \n\n<div class=\"ee-iconbox-content\">\n      <h4 class=\"ee-iconbox-title bde-h3\" >2. Conceptualizaci\u00f3n<\/h4>\n        <div class=\"ee-iconbox-text\" >\u00bfQu\u00e9 lo hace distinto? \u00bfCu\u00e1l es su verdad?<\/div>\n    <\/div>\n\n<\/div><div class=\"bde-icon-box-127-209 bde-icon-box\">\n\n    \n            <div class=\"ee-iconbox-icon breakdance-icon-atom\" >\n    \n                    <svg xmlns=\"http:\/\/www.w3.org\/2000\/svg\" viewbox=\"0 0 512 512\"><!--! Font Awesome Free 6.5.1 by @fontawesome - https:\/\/fontawesome.com License - https:\/\/fontawesome.com\/license\/free (Icons: CC BY 4.0, Fonts: SIL OFL 1.1, Code: MIT License) Copyright 2023 Fonticons, Inc. --><path d=\"M512 256c0 .9 0 1.8 0 2.7c-.4 36.5-33.6 61.3-70.1 61.3H344c-26.5 0-48 21.5-48 48c0 3.4 .4 6.7 1 9.9c2.1 10.2 6.5 20 10.8 29.9c6.1 13.8 12.1 27.5 12.1 42c0 31.8-21.6 60.7-53.4 62c-3.5 .1-7 .2-10.6 .2C114.6 512 0 397.4 0 256S114.6 0 256 0S512 114.6 512 256zM128 288a32 32 0 1 0 -64 0 32 32 0 1 0 64 0zm0-96a32 32 0 1 0 0-64 32 32 0 1 0 0 64zM288 96a32 32 0 1 0 -64 0 32 32 0 1 0 64 0zm96 96a32 32 0 1 0 0-64 32 32 0 1 0 0 64z\"\/><\/svg>\n        \n        \n        \n            <\/div>\n    \n\n<div class=\"ee-iconbox-content\">\n      <h4 class=\"ee-iconbox-title bde-h3\" >3. Dise\u00f1o<\/h4>\n        <div class=\"ee-iconbox-text\" >Tipograf\u00eda, color, forma y ritmo con sentido.<\/div>\n    <\/div>\n\n<\/div><div class=\"bde-icon-box-127-210 bde-icon-box\">\n\n    \n            <div class=\"ee-iconbox-icon breakdance-icon-atom\" >\n    \n                    <svg xmlns=\"http:\/\/www.w3.org\/2000\/svg\" viewbox=\"0 0 640 512\"><!--! Font Awesome Free 6.5.1 by @fontawesome - https:\/\/fontawesome.com License - https:\/\/fontawesome.com\/license\/free (Icons: CC BY 4.0, Fonts: SIL OFL 1.1, Code: MIT License) Copyright 2023 Fonticons, Inc. --><path d=\"M192 96a48 48 0 1 0 0-96 48 48 0 1 0 0 96zm-8 384V352h16V480c0 17.7 14.3 32 32 32s32-14.3 32-32V192h56 64 16c17.7 0 32-14.3 32-32s-14.3-32-32-32H384V64H576V256H384V224H320v48c0 26.5 21.5 48 48 48H592c26.5 0 48-21.5 48-48V48c0-26.5-21.5-48-48-48H368c-26.5 0-48 21.5-48 48v80H243.1 177.1c-33.7 0-64.9 17.7-82.3 46.6l-58.3 97c-9.1 15.1-4.2 34.8 10.9 43.9s34.8 4.2 43.9-10.9L120 256.9V480c0 17.7 14.3 32 32 32s32-14.3 32-32z\"\/><\/svg>\n        \n        \n        \n            <\/div>\n    \n\n<div class=\"ee-iconbox-content\">\n      <h4 class=\"ee-iconbox-title bde-h3\" >4. Revisi\u00f3n con criterio<\/h4>\n        <div class=\"ee-iconbox-text\" >No validamos por gusto, sino por prop\u00f3sito.<\/div>\n    <\/div>\n\n<\/div><div class=\"bde-icon-box-127-211 bde-icon-box\">\n\n    \n            <div class=\"ee-iconbox-icon breakdance-icon-atom\" >\n    \n                    <svg xmlns=\"http:\/\/www.w3.org\/2000\/svg\" viewbox=\"0 0 512 512\"><!--! Font Awesome Free 6.5.1 by @fontawesome - https:\/\/fontawesome.com License - https:\/\/fontawesome.com\/license\/free (Icons: CC BY 4.0, Fonts: SIL OFL 1.1, Code: MIT License) Copyright 2023 Fonticons, Inc. --><path d=\"M0 224c0 17.7 14.3 32 32 32s32-14.3 32-32c0-53 43-96 96-96H320v32c0 12.9 7.8 24.6 19.8 29.6s25.7 2.2 34.9-6.9l64-64c12.5-12.5 12.5-32.8 0-45.3l-64-64c-9.2-9.2-22.9-11.9-34.9-6.9S320 19.1 320 32V64H160C71.6 64 0 135.6 0 224zm512 64c0-17.7-14.3-32-32-32s-32 14.3-32 32c0 53-43 96-96 96H192V352c0-12.9-7.8-24.6-19.8-29.6s-25.7-2.2-34.9 6.9l-64 64c-12.5 12.5-12.5 32.8 0 45.3l64 64c9.2 9.2 22.9 11.9 34.9 6.9s19.8-16.6 19.8-29.6V448H352c88.4 0 160-71.6 160-160z\"\/><\/svg>\n        \n        \n        \n            <\/div>\n    \n\n<div class=\"ee-iconbox-content\">\n      <h4 class=\"ee-iconbox-title bde-h3\" >5. Entrega y evoluci\u00f3n<\/h4>\n        <div class=\"ee-iconbox-text\" >Lo lanzamos, lo medimos, lo mejoramos.<\/div>\n    <\/div>\n\n<\/div>\n<\/div><\/div>\n<\/section><section class=\"bde-section-127-152 bde-section\">\n  \n  \n\t\n\n\n\n<div class=\"section-container\"><h2 class=\"bde-heading-127-229 bde-heading\">\nPorque al final\u2026\n<\/h2><div class=\"bde-text-127-230 bde-text\">\nDise\u00f1ar sin intenci\u00f3n es ruido.<br> Dise\u00f1ar con intenci\u00f3n, es poder.<br> Y en Guango, el dise\u00f1o tiene direcci\u00f3n.\n<\/div><\/div>\n<\/section><section class=\"bde-section-127-224 bde-section\">\n  \n  \n\t\n\n\n\n<div class=\"section-container\"><h2 class=\"bde-heading-127-225 bde-heading\">\nContact us to see if Guango is the right fit\u2026\n<\/h2><div class=\"bde-text-127-226 bde-text\">\n(Spoiler: It is.)\n<\/div><div class=\"bde-text-127-227 bde-text\">\nIf you're planning to launch a new venture or grow your brand, we're here to help!\n<\/div><div class=\"bde-button-127-228 bde-button\">\n    \n                                    \n    \n    \n    \n    \n            \n                    \n            \n            \n\n    \n    \n    \n    \n    \n    <a class=\"breakdance-link button-atom button-atom--custom bde-button__button\" href=\"https:\/\/guangobusiness.group\/en\/contacto\/\" target=\"_self\" data-type=\"url\"  >\n\n    \n        <span class=\"button-atom__text\">Contact Us<\/span>\n\n        \n        \n                <\/a>\n\n    \n\n\n<\/div><\/div>\n<\/section>","protected":false},"excerpt":{"rendered":"<p>C\u00f3mo pensamos Guango Business Group\u00ae no es solo lo que hacemos. Es c\u00f3mo lo hacemos. \u00bfPor qu\u00e9 Guango? Porque lo que parec\u00eda \u201cflojo\u201d, \u201cinformal\u201d o \u201csuelto\u201d, result\u00f3 ser lo m\u00e1s adaptable, humano y creativo.Guango no es d\u00e9bil. Guango es flexible. Guango no se rompe, evoluciona. Es nuestra forma de ver el dise\u00f1o, la estrategia y [&hellip;]<\/p>","protected":false},"author":1,"featured_media":0,"parent":0,"menu_order":0,"comment_status":"closed","ping_status":"closed","template":"","meta":{"_breakdance_hide_in_design_set":false,"_breakdance_tags":"","_joinchat":[],"footnotes":""},"class_list":["post-127","page","type-page","status-publish","hentry"],"_links":{"self":[{"href":"https:\/\/guangobusiness.group\/en\/wp-json\/wp\/v2\/pages\/127","targetHints":{"allow":["GET"]}}],"collection":[{"href":"https:\/\/guangobusiness.group\/en\/wp-json\/wp\/v2\/pages"}],"about":[{"href":"https:\/\/guangobusiness.group\/en\/wp-json\/wp\/v2\/types\/page"}],"author":[{"embeddable":true,"href":"https:\/\/guangobusiness.group\/en\/wp-json\/wp\/v2\/users\/1"}],"replies":[{"embeddable":true,"href":"https:\/\/guangobusiness.group\/en\/wp-json\/wp\/v2\/comments?post=127"}],"version-history":[{"count":0,"href":"https:\/\/guangobusiness.group\/en\/wp-json\/wp\/v2\/pages\/127\/revisions"}],"wp:attachment":[{"href":"https:\/\/guangobusiness.group\/en\/wp-json\/wp\/v2\/media?parent=127"}],"curies":[{"name":"wp","href":"https:\/\/api.w.org\/{rel}","templated":true}]}}