{"id":156,"date":"2025-07-08T17:30:09","date_gmt":"2025-07-09T00:30:09","guid":{"rendered":"https:\/\/guangobusiness.group\/?page_id=156"},"modified":"2025-07-08T17:34:15","modified_gmt":"2025-07-09T00:34:15","slug":"aviso-de-privacidad","status":"publish","type":"page","link":"https:\/\/guangobusiness.group\/en\/aviso-de-privacidad\/","title":{"rendered":"Privacy"},"content":{"rendered":"<section class=\"bde-section-156-100 bde-section\">\n  \n  \n\t\n\n\n\n<div class=\"section-container\"><h1 class=\"bde-heading-156-101 bde-heading\">\nPrivacy\u00a0\n<\/h1><div class=\"bde-text-156-102 bde-text\">\nLast update: July 8, 2025\n<\/div><div class=\"bde-columns-156-104 bde-columns\"><div class=\"bde-column-156-107 bde-column\">\n  \n  \n\t\n\n\n\n<div class=\"bde-rich-text-156-114 bde-rich-text breakdance-rich-text-styles\">\n<p data-start=\"169\" data-end=\"557\" class=\"translation-block\">Guango Business Group S.A. de C.V. (\"GUANGO\"), with physical address and operation in Mexico and digital operation in the United States through Guango LLC, is responsible for the processing of personal data collected on the website <a class=\"\" href=\"https:\/\/guangobusiness.group\/en\/\" target=\"_new\" rel=\"noopener\" data-start=\"384\" data-end=\"444\">https:\/\/guangobusiness.group<\/a>, in accordance with the provisions of the Federal Law for the Protection of Personal Data in Possession of Individuals.<\/p><h3 data-start=\"559\" data-end=\"585\">1. Data we collect<\/h3><p data-start=\"586\" data-end=\"636\">We may collect the following personal data:<\/p><ul data-start=\"637\" data-end=\"824\"><li data-start=\"637\" data-end=\"656\"><p data-start=\"639\" data-end=\"656\">Full name<\/p><\/li><li data-start=\"657\" data-end=\"679\"><p data-start=\"659\" data-end=\"679\">Email<\/p><\/li><li data-start=\"680\" data-end=\"701\"><p data-start=\"682\" data-end=\"701\">Telephone number<\/p><\/li><li data-start=\"702\" data-end=\"731\"><p data-start=\"704\" data-end=\"731\">Company or brand name<\/p><\/li><li data-start=\"732\" data-end=\"824\"><p data-start=\"734\" data-end=\"824\">Information related to projects, services requested and\/or forms completed<\/p><\/li><\/ul><h3 data-start=\"826\" data-end=\"860\">2. Purposes of processing<\/h3><p data-start=\"861\" data-end=\"893\">Your data will be used for:<\/p><ul data-start=\"894\" data-end=\"1167\"><li data-start=\"894\" data-end=\"953\"><p data-start=\"896\" data-end=\"953\">Follow up on requests for contact or information<\/p><\/li><li data-start=\"954\" data-end=\"1056\"><p data-start=\"956\" data-end=\"1056\">Send commercial proposals or communications related to our brands or business units.<\/p><\/li><li data-start=\"1057\" data-end=\"1111\"><p data-start=\"1059\" data-end=\"1111\">Manage commercial or collaborative relationships<\/p><\/li><li data-start=\"1112\" data-end=\"1167\"><p data-start=\"1114\" data-end=\"1167\">Improve the navigation and communication experience<\/p><\/li><\/ul><h3 data-start=\"1169\" data-end=\"1208\">3. Limitation of use and disclosure<\/h3><p data-start=\"1209\" data-end=\"1319\">If you wish to limit the use or disclosure of your personal data, you can send an email to: <strong data-start=\"1300\" data-end=\"1319\"><a class=\"cursor-pointer\" rel=\"noopener\" data-start=\"1302\" data-end=\"1317\">hello@guango.co<\/a><\/strong><\/p><h3 data-start=\"1321\" data-end=\"1341\">4. ARCO Rights<\/h3><p data-start=\"1342\" data-end=\"1634\">You have the right to access, rectify, cancel or oppose the use of your personal data by sending a request to: <strong data-start=\"1457\" data-end=\"1476\"><a class=\"cursor-pointer\" rel=\"noopener\" data-start=\"1459\" data-end=\"1474\">hello@guango.co<\/a><\/strong><br data-start=\"1476\" data-end=\"1479\" \/>Your request must include: full name, e-mail address used on the site, clear reason for the request and a copy of an official ID.<\/p><h3 data-start=\"1636\" data-end=\"1657\">5. Use of cookies<\/h3><p data-start=\"1658\" data-end=\"1779\">We use cookies to improve the user experience. You can set your browser to refuse them if you wish.<\/p><h3 data-start=\"1781\" data-end=\"1804\">6. Changes to the notice<\/h3><p data-start=\"1805\" data-end=\"1949\">We reserve the right to modify this Privacy Notice at any time. Updates will be posted on this page.<\/p><h2 data-start=\"1956\" data-end=\"2016\">\u00a0<\/h2>\n<\/div>\n<\/div><\/div><\/div>\n<\/section>","protected":false},"excerpt":{"rendered":"<p>Aviso de Privacidad\u00a0 \u00daltima actualizaci\u00f3n: 8 de julio de 2025 Guango Business Group S.A. de C.V. (\u201cGUANGO\u201d), con domicilio y operaci\u00f3n f\u00edsica en M\u00e9xico y operaci\u00f3n digital en Estados Unidos a trav\u00e9s de Guango LLC, es responsable del tratamiento de los datos personales recabados en el sitio web https:\/\/guangobusiness.group, conforme a lo establecido por la [&hellip;]<\/p>","protected":false},"author":1,"featured_media":0,"parent":0,"menu_order":0,"comment_status":"closed","ping_status":"closed","template":"","meta":{"_breakdance_hide_in_design_set":false,"_breakdance_tags":"","_joinchat":[],"footnotes":""},"class_list":["post-156","page","type-page","status-publish","hentry"],"_links":{"self":[{"href":"https:\/\/guangobusiness.group\/en\/wp-json\/wp\/v2\/pages\/156","targetHints":{"allow":["GET"]}}],"collection":[{"href":"https:\/\/guangobusiness.group\/en\/wp-json\/wp\/v2\/pages"}],"about":[{"href":"https:\/\/guangobusiness.group\/en\/wp-json\/wp\/v2\/types\/page"}],"author":[{"embeddable":true,"href":"https:\/\/guangobusiness.group\/en\/wp-json\/wp\/v2\/users\/1"}],"replies":[{"embeddable":true,"href":"https:\/\/guangobusiness.group\/en\/wp-json\/wp\/v2\/comments?post=156"}],"version-history":[{"count":0,"href":"https:\/\/guangobusiness.group\/en\/wp-json\/wp\/v2\/pages\/156\/revisions"}],"wp:attachment":[{"href":"https:\/\/guangobusiness.group\/en\/wp-json\/wp\/v2\/media?parent=156"}],"curies":[{"name":"wp","href":"https:\/\/api.w.org\/{rel}","templated":true}]}}