{"id":159,"date":"2025-07-08T17:34:40","date_gmt":"2025-07-09T00:34:40","guid":{"rendered":"https:\/\/guangobusiness.group\/?page_id=159"},"modified":"2025-07-08T17:36:29","modified_gmt":"2025-07-09T00:36:29","slug":"terminos-y-condiciones","status":"publish","type":"page","link":"https:\/\/guangobusiness.group\/en\/terminos-y-condiciones\/","title":{"rendered":"Terms"},"content":{"rendered":"<section class=\"bde-section-159-100 bde-section\">\n  \n  \n\t\n\n\n\n<div class=\"section-container\"><h1 class=\"bde-heading-159-101 bde-heading\">\nTerms\n<\/h1><div class=\"bde-text-159-102 bde-text\">\nLast update: July 8, 2025\n<\/div><div class=\"bde-columns-159-103 bde-columns\"><div class=\"bde-column-159-104 bde-column\">\n  \n  \n\t\n\n\n\n<div class=\"bde-rich-text-159-105 bde-rich-text breakdance-rich-text-styles\">\n<p data-start=\"2064\" data-end=\"2289\">Welcome to <a class=\"\" href=\"https:\/\/guangobusiness.group\/en\/\" target=\"_new\" rel=\"noopener\" data-start=\"2077\" data-end=\"2137\">https:\/\/guangobusiness.group<\/a>, the corporate website of Guango Business Group\u00ae (\"GUANGO\"). By accessing or browsing this site, you agree to be bound by the following Terms and Conditions:<\/p><h3 data-start=\"2291\" data-end=\"2311\">Use of the site<\/h3><p data-start=\"2312\" data-end=\"2523\">The content of this site is purely informative and is intended to present the GUANGO ecosystem, its brands, solutions and philosophy. The misuse of the content for unauthorized purposes is prohibited.<\/p><h3 data-start=\"2525\" data-end=\"2553\">2. Intellectual Property<\/h3><p data-start=\"2554\" data-end=\"2793\">All visual, textual and audiovisual content, including logos, brand names, images and text, are the property of GUANGO or its licensors. Reproduction in whole or in part without prior written permission is prohibited.<\/p><h3 data-start=\"2795\" data-end=\"2817\">3. Responsibility<\/h3><p data-start=\"2818\" data-end=\"3037\">GUANGO is not responsible for content errors, service interruptions, external links or decisions made based on the information on the site. Navigation on this site is at the user's own risk.<\/p><h3 data-start=\"3039\" data-end=\"3068\">4. Forms and contact<\/h3><p data-start=\"3069\" data-end=\"3252\">The use of forms implies acceptance of the responsible use of your data, according to our Privacy Notice. Sending false or malicious information will not be tolerated.<\/p><h3 data-start=\"3254\" data-end=\"3284\">5. Changes in terms<\/h3><p data-start=\"3285\" data-end=\"3456\">We may modify these Terms and Conditions at any time. We encourage you to review them periodically. The date of last modification will always be available.<\/p>\n<\/div>\n<\/div><\/div><\/div>\n<\/section>","protected":false},"excerpt":{"rendered":"<p>T\u00e9rminos y Condiciones \u00daltima actualizaci\u00f3n: 8 de julio de 2025 Bienvenido a https:\/\/guangobusiness.group, el sitio web corporativo de Guango Business Group\u00ae (\u201cGUANGO\u201d). Al acceder o navegar por este sitio, aceptas estar sujeto a los siguientes T\u00e9rminos y Condiciones:1. Uso del sitioEl contenido de este sitio es meramente informativo y est\u00e1 destinado a presentar el ecosistema [&hellip;]<\/p>","protected":false},"author":1,"featured_media":0,"parent":0,"menu_order":0,"comment_status":"closed","ping_status":"closed","template":"","meta":{"_breakdance_hide_in_design_set":false,"_breakdance_tags":"","_joinchat":[],"footnotes":""},"class_list":["post-159","page","type-page","status-publish","hentry"],"_links":{"self":[{"href":"https:\/\/guangobusiness.group\/en\/wp-json\/wp\/v2\/pages\/159","targetHints":{"allow":["GET"]}}],"collection":[{"href":"https:\/\/guangobusiness.group\/en\/wp-json\/wp\/v2\/pages"}],"about":[{"href":"https:\/\/guangobusiness.group\/en\/wp-json\/wp\/v2\/types\/page"}],"author":[{"embeddable":true,"href":"https:\/\/guangobusiness.group\/en\/wp-json\/wp\/v2\/users\/1"}],"replies":[{"embeddable":true,"href":"https:\/\/guangobusiness.group\/en\/wp-json\/wp\/v2\/comments?post=159"}],"version-history":[{"count":0,"href":"https:\/\/guangobusiness.group\/en\/wp-json\/wp\/v2\/pages\/159\/revisions"}],"wp:attachment":[{"href":"https:\/\/guangobusiness.group\/en\/wp-json\/wp\/v2\/media?parent=159"}],"curies":[{"name":"wp","href":"https:\/\/api.w.org\/{rel}","templated":true}]}}