{"id":18,"date":"2024-07-25T02:37:10","date_gmt":"2024-07-25T02:37:10","guid":{"rendered":"https:\/\/guangobusiness.group\/?page_id=18"},"modified":"2025-08-15T16:52:45","modified_gmt":"2025-08-15T23:52:45","slug":"home","status":"publish","type":"page","link":"https:\/\/guangobusiness.group\/en\/","title":{"rendered":"Home"},"content":{"rendered":"<section class=\"bde-section-18-100 bde-section\">\n  \n  \n\t\n\n\n\n<div class=\"section-container\"><h1 class=\"bde-heading-18-101 bde-heading\">\nWobbly ideas?<br> We make them bulletproof.\n<\/h1><h4 class=\"bde-heading-18-324 bde-heading\">\nWe\u2019re a creative ecosystem that transforms ideas into strategic, visual, and tech-powered solutions that actually work.\n<\/h4><div class=\"bde-button-18-325 bde-button\">\n    \n                                    \n    \n    \n    \n    \n            \n                    \n            \n            \n\n    \n    \n    \n    \n    \n    <a class=\"breakdance-link button-atom button-atom--primary bde-button__button\" href=\"https:\/\/guangobusiness.group\/en\/manifiesto\/\" target=\"_self\" data-type=\"url\"  >\n\n    \n        <span class=\"button-atom__text\">Explore our manifesto<\/span>\n\n        \n        \n                <\/a>\n\n    \n\n\n<\/div><div class=\"bde-button-18-326 bde-button\">\n    \n                                    \n    \n    \n    \n    \n            \n                    \n            \n            \n\n    \n    \n    \n    \n    \n    <a class=\"breakdance-link button-atom button-atom--secondary bde-button__button\" href=\"https:\/\/guangobusiness.group\/en\/contacto\/\" target=\"_self\" data-type=\"url\"  >\n\n    \n        <span class=\"button-atom__text\">Contact<\/span>\n\n        \n        \n                <\/a>\n\n    \n\n\n<\/div><\/div>\n<\/section><section id=\"bd-fancy-section2\" class=\"bde-section-18-388 bde-section\">\n  \n  \n\t\n\n\n\n<div class=\"section-container\"><div class=\"bde-image-18-389 bde-image\" data-parallax=\"true\">\n<figure class=\"breakdance-image breakdance-image--80\">\n\t<div class=\"breakdance-image-container\">\n\t\t<div class=\"breakdance-image-clip\"><img decoding=\"async\" class=\"breakdance-image-object\" src=\"https:\/\/guangobusiness.group\/wp-content\/uploads\/2025\/07\/oficina-guango-co-scaled.jpg\" width=\"2560\" height=\"1703\" srcset=\"https:\/\/guangobusiness.group\/wp-content\/uploads\/2025\/07\/oficina-guango-co-scaled.jpg 2560w, https:\/\/guangobusiness.group\/wp-content\/uploads\/2025\/07\/oficina-guango-co-300x200.jpg 300w, https:\/\/guangobusiness.group\/wp-content\/uploads\/2025\/07\/oficina-guango-co-1024x681.jpg 1024w, https:\/\/guangobusiness.group\/wp-content\/uploads\/2025\/07\/oficina-guango-co-768x511.jpg 768w, https:\/\/guangobusiness.group\/wp-content\/uploads\/2025\/07\/oficina-guango-co-1536x1022.jpg 1536w, https:\/\/guangobusiness.group\/wp-content\/uploads\/2025\/07\/oficina-guango-co-2048x1363.jpg 2048w\" sizes=\"auto, (max-width: 2560px) 100vw, 2560px\" loading=\"lazy\"><\/div>\n\t<\/div><\/figure>\n\n<\/div><\/div>\n<\/section><section class=\"bde-section-18-151 bde-section\">\n  \n  \n\t\n\n\n\n<div class=\"section-container\"><div class=\"bde-columns-18-153 bde-columns\"><div class=\"bde-column-18-154 bde-column\">\n  \n  \n\t\n\n\n\n<h2 class=\"bde-heading-18-392 bde-heading\">\nWhat is Guango?\n<\/h2><div class=\"bde-text-18-394 bde-text translation-block\"><strong>We\u2019re not your average agency.<\/strong>\n<br><br>We\u2019re a launchpad for brands, ideas, and people who want to do things differently.\n<br>Here, creativity meets business. Strategy meets story. And design? Design gets serious.<\/div>\n<\/div><\/div><div class=\"bde-grid-18-328 bde-grid\">\n  \n  \n\t\n\n\n\n<div class=\"autogenerated-blce-flipcards-18-333 autogenerated-blce-flipcards\">\n<div class=\"cardcontainer\">\n  <div class=\"card\">\n    <div class=\"content\">\n      <div class=\"front\" style=\"background-image: url('https:\/\/guangobusiness.group\/wp-content\/uploads\/2025\/07\/ecosistema-guango-01.png'); background-size: cover; background-position: 50% 50%;\">\n        <div class=\"overlay\">\n          <span class=\"fronticon\"><\/span>\n          <h2 class=\"fronttitle\"><\/h2>\n          <span class=\"frontcontent\"><\/p>\n        <\/div>\n      <\/div>\n      <div class=\"back\" style=\"background-image: url(''); background-size: cover; background-position: 50% 50%;\">\n        <div class=\"overlayback\">\n          <span class=\"backicon\"><\/span>\n          <h2 class=\"backtitle\">Monitos Guangos\u00ae<\/h2>\n          <span class=\"backcontent\"><p>Illustration services and a streetwear clothing brand.<\/p><\/p>\n                  <\/div>\n      <\/div>\n    <\/div>\n  <\/div>\n<\/div>\n\n<\/div><div class=\"autogenerated-blce-flipcards-18-340 autogenerated-blce-flipcards\">\n<div class=\"cardcontainer\">\n  <div class=\"card\">\n    <div class=\"content\">\n      <div class=\"front\" style=\"background-image: url('https:\/\/guangobusiness.group\/wp-content\/uploads\/2025\/07\/ecosistema-guango-05.png'); background-size: cover; background-position: 50% 50%;\">\n        <div class=\"overlay\">\n          <span class=\"fronticon\"><\/span>\n          <h2 class=\"fronttitle\"><\/h2>\n          <span class=\"frontcontent\"><\/p>\n        <\/div>\n      <\/div>\n      <div class=\"back\" style=\"background-image: url(''); background-size: cover; background-position: 50% 50%;\">\n        <div class=\"overlayback\">\n          <span class=\"backicon\"><\/span>\n          <h2 class=\"backtitle\">Guango Co.\u00ae \u2013 Mexico<\/h2>\n          <span class=\"backcontent\"><\/p>\n                  <\/div>\n      <\/div>\n    <\/div>\n  <\/div>\n<\/div>\n\n<\/div><div class=\"autogenerated-blce-flipcards-18-345 autogenerated-blce-flipcards\">\n<div class=\"cardcontainer\">\n  <div class=\"card\">\n    <div class=\"content\">\n      <div class=\"front\" style=\"background-image: url('https:\/\/guangobusiness.group\/wp-content\/uploads\/2025\/07\/ecosistema-guango-06.png'); background-size: cover; background-position: 50% 50%;\">\n        <div class=\"overlay\">\n          <span class=\"fronticon\"><\/span>\n          <h2 class=\"fronttitle\"><\/h2>\n          <span class=\"frontcontent\"><\/p>\n        <\/div>\n      <\/div>\n      <div class=\"back\" style=\"background-image: url(''); background-size: cover; background-position: 50% 50%;\">\n        <div class=\"overlayback\">\n          <span class=\"backicon\"><\/span>\n          <h2 class=\"backtitle\">Guango LLC - USA<\/h2>\n          <span class=\"backcontent\"><\/p>\n                  <\/div>\n      <\/div>\n    <\/div>\n  <\/div>\n<\/div>\n\n<\/div><div class=\"autogenerated-blce-flipcards-18-341 autogenerated-blce-flipcards\">\n<div class=\"cardcontainer\">\n  <div class=\"card\">\n    <div class=\"content\">\n      <div class=\"front\" style=\"background-image: url('https:\/\/guangobusiness.group\/wp-content\/uploads\/2025\/07\/ecosistema-guango-03.png'); background-size: cover; background-position: 50% 50%;\">\n        <div class=\"overlay\">\n          <span class=\"fronticon\"><\/span>\n          <h2 class=\"fronttitle\"><\/h2>\n          <span class=\"frontcontent\"><\/p>\n        <\/div>\n      <\/div>\n      <div class=\"back\" style=\"background-image: url(''); background-size: cover; background-position: 50% 50%;\">\n        <div class=\"overlayback\">\n          <span class=\"backicon\"><\/span>\n          <h2 class=\"backtitle\">SalesCaptor CRM\u00ae<\/h2>\n          <span class=\"backcontent\"><p>Customer Relationship Management.<\/p><\/p>\n                  <\/div>\n      <\/div>\n    <\/div>\n  <\/div>\n<\/div>\n\n<\/div><div class=\"autogenerated-blce-flipcards-18-343 autogenerated-blce-flipcards\">\n<div class=\"cardcontainer\">\n  <div class=\"card\">\n    <div class=\"content\">\n      <div class=\"front\" style=\"background-image: url('https:\/\/guangobusiness.group\/wp-content\/uploads\/2025\/07\/ecosistema-guango-02.png'); background-size: cover; background-position: 50% 50%;\">\n        <div class=\"overlay\">\n          <span class=\"fronticon\"><\/span>\n          <h2 class=\"fronttitle\"><\/h2>\n          <span class=\"frontcontent\"><\/p>\n        <\/div>\n      <\/div>\n      <div class=\"back\" style=\"background-image: url(''); background-size: cover; background-position: 50% 50%;\">\n        <div class=\"overlayback\">\n          <span class=\"backicon\"><\/span>\n          <h2 class=\"backtitle\">Predizr\u00ae<\/h2>\n          <span class=\"backcontent\"><p>Predictive Analysis and Market Research services.\u00a0<\/p><\/p>\n                  <\/div>\n      <\/div>\n    <\/div>\n  <\/div>\n<\/div>\n\n<\/div><div class=\"autogenerated-blce-flipcards-18-344 autogenerated-blce-flipcards\">\n<div class=\"cardcontainer\">\n  <div class=\"card\">\n    <div class=\"content\">\n      <div class=\"front\" style=\"background-image: url('https:\/\/guangobusiness.group\/wp-content\/uploads\/2025\/07\/ecosistema-guango-04.png'); background-size: cover; background-position: 50% 50%;\">\n        <div class=\"overlay\">\n          <span class=\"fronticon\"><\/span>\n          <h2 class=\"fronttitle\"><\/h2>\n          <span class=\"frontcontent\"><\/p>\n        <\/div>\n      <\/div>\n      <div class=\"back\" style=\"background-image: url(''); background-size: cover; background-position: 50% 50%;\">\n        <div class=\"overlayback\">\n          <span class=\"backicon\"><\/span>\n          <h2 class=\"backtitle\">Instr\u00factica LMS\u00ae<\/h2>\n          <span class=\"backcontent\"><p>Learning Management Platform for coaches, companies, and schools.<\/p><\/p>\n                  <\/div>\n      <\/div>\n    <\/div>\n  <\/div>\n<\/div>\n\n<\/div>\n<\/div><div class=\"bde-button-18-398 bde-button\">\n    \n                                    \n    \n    \n    \n    \n            \n                    \n            \n            \n\n    \n    \n    \n    \n    \n    <a class=\"breakdance-link button-atom button-atom--primary bde-button__button\" href=\"https:\/\/guangobusiness.group\/en\/ecosistema\/\" target=\"_self\" data-type=\"url\"  >\n\n    \n        <span class=\"button-atom__text\">Know the brands<\/span>\n\n        \n        \n                <\/a>\n\n    \n\n\n<\/div><\/div>\n<\/section><section class=\"bde-section-18-346 bde-section\">\n  \n  \n\t\n\n\n\n<div class=\"section-container\"><h2 class=\"bde-heading-18-347 bde-heading\">\nWe don\u2019t just create, we solve with creativity.\n<\/h2><div class=\"bde-text-18-348 bde-text\">\nWe don\u2019t work with everyone\u2014only the right ones.\n<\/div><div class=\"bde-grid-18-349 bde-grid\">\n  \n  \n\t\n\n\n\n<div class=\"bde-icon-box-18-350 bde-icon-box\">\n\n    \n            <div class=\"ee-iconbox-icon breakdance-icon-atom\" >\n    \n                    <svg xmlns=\"http:\/\/www.w3.org\/2000\/svg\" viewbox=\"0 0 512 512\"><!--! Font Awesome Free 6.5.1 by @fontawesome - https:\/\/fontawesome.com License - https:\/\/fontawesome.com\/license\/free (Icons: CC BY 4.0, Fonts: SIL OFL 1.1, Code: MIT License) Copyright 2023 Fonticons, Inc. --><path d=\"M156.6 384.9L125.7 354c-8.5-8.5-11.5-20.8-7.7-32.2c3-8.9 7-20.5 11.8-33.8L24 288c-8.6 0-16.6-4.6-20.9-12.1s-4.2-16.7 .2-24.1l52.5-88.5c13-21.9 36.5-35.3 61.9-35.3l82.3 0c2.4-4 4.8-7.7 7.2-11.3C289.1-4.1 411.1-8.1 483.9 5.3c11.6 2.1 20.6 11.2 22.8 22.8c13.4 72.9 9.3 194.8-111.4 276.7c-3.5 2.4-7.3 4.8-11.3 7.2v82.3c0 25.4-13.4 49-35.3 61.9l-88.5 52.5c-7.4 4.4-16.6 4.5-24.1 .2s-12.1-12.2-12.1-20.9V380.8c-14.1 4.9-26.4 8.9-35.7 11.9c-11.2 3.6-23.4 .5-31.8-7.8zM384 168a40 40 0 1 0 0-80 40 40 0 1 0 0 80z\"\/><\/svg>\n        \n        \n        \n            <\/div>\n    \n\n<div class=\"ee-iconbox-content\">\n      <h4 class=\"ee-iconbox-title bde-h3\" >Startups<\/h4>\n        <div class=\"ee-iconbox-text\" >with big ambitions<\/div>\n    <\/div>\n\n<\/div><div class=\"bde-icon-box-18-351 bde-icon-box\">\n\n    \n            <div class=\"ee-iconbox-icon breakdance-icon-atom\" >\n    \n                    <svg xmlns=\"http:\/\/www.w3.org\/2000\/svg\" viewbox=\"0 0 640 512\"><!--! Font Awesome Free 6.5.1 by @fontawesome - https:\/\/fontawesome.com License - https:\/\/fontawesome.com\/license\/free (Icons: CC BY 4.0, Fonts: SIL OFL 1.1, Code: MIT License) Copyright 2023 Fonticons, Inc. --><path d=\"M36.8 192H603.2c20.3 0 36.8-16.5 36.8-36.8c0-7.3-2.2-14.4-6.2-20.4L558.2 21.4C549.3 8 534.4 0 518.3 0H121.7c-16 0-31 8-39.9 21.4L6.2 134.7c-4 6.1-6.2 13.2-6.2 20.4C0 175.5 16.5 192 36.8 192zM64 224V384v80c0 26.5 21.5 48 48 48H336c26.5 0 48-21.5 48-48V384 224H320V384H128V224H64zm448 0V480c0 17.7 14.3 32 32 32s32-14.3 32-32V224H512z\"\/><\/svg>\n        \n        \n        \n            <\/div>\n    \n\n<div class=\"ee-iconbox-content\">\n      <h4 class=\"ee-iconbox-title bde-h3\" >Local businesses<\/h4>\n        <div class=\"ee-iconbox-text\" >that want to dominate their area<\/div>\n    <\/div>\n\n<\/div><div class=\"bde-icon-box-18-352 bde-icon-box\">\n\n    \n            <div class=\"ee-iconbox-icon breakdance-icon-atom\" >\n    \n                    <svg xmlns=\"http:\/\/www.w3.org\/2000\/svg\" viewbox=\"0 0 576 512\"><!--! Font Awesome Free 6.5.1 by @fontawesome - https:\/\/fontawesome.com License - https:\/\/fontawesome.com\/license\/free (Icons: CC BY 4.0, Fonts: SIL OFL 1.1, Code: MIT License) Copyright 2023 Fonticons, Inc. --><path d=\"M256 32c-17.7 0-32 14.3-32 32v2.3 99.6c0 5.6-4.5 10.1-10.1 10.1c-3.6 0-7-1.9-8.8-5.1L157.1 87C83 123.5 32 199.8 32 288v64H544l0-66.4c-.9-87.2-51.7-162.4-125.1-198.6l-48 83.9c-1.8 3.2-5.2 5.1-8.8 5.1c-5.6 0-10.1-4.5-10.1-10.1V66.3 64c0-17.7-14.3-32-32-32H256zM16.6 384C7.4 384 0 391.4 0 400.6c0 4.7 2 9.2 5.8 11.9C27.5 428.4 111.8 480 288 480s260.5-51.6 282.2-67.5c3.8-2.8 5.8-7.2 5.8-11.9c0-9.2-7.4-16.6-16.6-16.6H16.6z\"\/><\/svg>\n        \n        \n        \n            <\/div>\n    \n\n<div class=\"ee-iconbox-content\">\n      <h4 class=\"ee-iconbox-title bde-h3\" >Contractors<\/h4>\n        <div class=\"ee-iconbox-text\" >ready to grow more<\/div>\n    <\/div>\n\n<\/div><div class=\"bde-icon-box-18-353 bde-icon-box\">\n\n    \n            <div class=\"ee-iconbox-icon breakdance-icon-atom\" >\n    \n                    <svg xmlns=\"http:\/\/www.w3.org\/2000\/svg\" viewbox=\"0 0 640 512\"><!--! Font Awesome Free 6.5.1 by @fontawesome - https:\/\/fontawesome.com License - https:\/\/fontawesome.com\/license\/free (Icons: CC BY 4.0, Fonts: SIL OFL 1.1, Code: MIT License) Copyright 2023 Fonticons, Inc. --><path d=\"M192 96a48 48 0 1 0 0-96 48 48 0 1 0 0 96zm-8 384V352h16V480c0 17.7 14.3 32 32 32s32-14.3 32-32V192h56 64 16c17.7 0 32-14.3 32-32s-14.3-32-32-32H384V64H576V256H384V224H320v48c0 26.5 21.5 48 48 48H592c26.5 0 48-21.5 48-48V48c0-26.5-21.5-48-48-48H368c-26.5 0-48 21.5-48 48v80H243.1 177.1c-33.7 0-64.9 17.7-82.3 46.6l-58.3 97c-9.1 15.1-4.2 34.8 10.9 43.9s34.8 4.2 43.9-10.9L120 256.9V480c0 17.7 14.3 32 32 32s32-14.3 32-32z\"\/><\/svg>\n        \n        \n        \n            <\/div>\n    \n\n<div class=\"ee-iconbox-content\">\n      <h4 class=\"ee-iconbox-title bde-h3\" >Coaches<\/h4>\n        <div class=\"ee-iconbox-text\" >consultants and course creators<\/div>\n    <\/div>\n\n<\/div><div class=\"bde-icon-box-18-354 bde-icon-box\">\n\n    \n            <div class=\"ee-iconbox-icon breakdance-icon-atom\" >\n    \n                    <svg xmlns=\"http:\/\/www.w3.org\/2000\/svg\" viewbox=\"0 0 512 512\"><!--! Font Awesome Free 6.5.1 by @fontawesome - https:\/\/fontawesome.com License - https:\/\/fontawesome.com\/license\/free (Icons: CC BY 4.0, Fonts: SIL OFL 1.1, Code: MIT License) Copyright 2023 Fonticons, Inc. --><path d=\"M184 0c30.9 0 56 25.1 56 56V456c0 30.9-25.1 56-56 56c-28.9 0-52.7-21.9-55.7-50.1c-5.2 1.4-10.7 2.1-16.3 2.1c-35.3 0-64-28.7-64-64c0-7.4 1.3-14.6 3.6-21.2C21.4 367.4 0 338.2 0 304c0-31.9 18.7-59.5 45.8-72.3C37.1 220.8 32 207 32 192c0-30.7 21.6-56.3 50.4-62.6C80.8 123.9 80 118 80 112c0-29.9 20.6-55.1 48.3-62.1C131.3 21.9 155.1 0 184 0zM328 0c28.9 0 52.6 21.9 55.7 49.9c27.8 7 48.3 32.1 48.3 62.1c0 6-.8 11.9-2.4 17.4c28.8 6.2 50.4 31.9 50.4 62.6c0 15-5.1 28.8-13.8 39.7C493.3 244.5 512 272.1 512 304c0 34.2-21.4 63.4-51.6 74.8c2.3 6.6 3.6 13.8 3.6 21.2c0 35.3-28.7 64-64 64c-5.6 0-11.1-.7-16.3-2.1c-3 28.2-26.8 50.1-55.7 50.1c-30.9 0-56-25.1-56-56V56c0-30.9 25.1-56 56-56z\"\/><\/svg>\n        \n        \n        \n            <\/div>\n    \n\n<div class=\"ee-iconbox-content\">\n      <h4 class=\"ee-iconbox-title bde-h3\" >Entrepreneurs<\/h4>\n        <div class=\"ee-iconbox-text\" >who need professional design<\/div>\n    <\/div>\n\n<\/div><div class=\"bde-icon-box-18-355 bde-icon-box\">\n\n    \n            <div class=\"ee-iconbox-icon breakdance-icon-atom\" >\n    \n                    <svg xmlns=\"http:\/\/www.w3.org\/2000\/svg\" viewbox=\"0 0 512 512\"><!--! Font Awesome Free 6.5.1 by @fontawesome - https:\/\/fontawesome.com License - https:\/\/fontawesome.com\/license\/free (Icons: CC BY 4.0, Fonts: SIL OFL 1.1, Code: MIT License) Copyright 2023 Fonticons, Inc. --><path d=\"M512 256c0 .9 0 1.8 0 2.7c-.4 36.5-33.6 61.3-70.1 61.3H344c-26.5 0-48 21.5-48 48c0 3.4 .4 6.7 1 9.9c2.1 10.2 6.5 20 10.8 29.9c6.1 13.8 12.1 27.5 12.1 42c0 31.8-21.6 60.7-53.4 62c-3.5 .1-7 .2-10.6 .2C114.6 512 0 397.4 0 256S114.6 0 256 0S512 114.6 512 256zM128 288a32 32 0 1 0 -64 0 32 32 0 1 0 64 0zm0-96a32 32 0 1 0 0-64 32 32 0 1 0 0 64zM288 96a32 32 0 1 0 -64 0 32 32 0 1 0 64 0zm96 96a32 32 0 1 0 0-64 32 32 0 1 0 0 64z\"\/><\/svg>\n        \n        \n        \n            <\/div>\n    \n\n<div class=\"ee-iconbox-content\">\n      <h4 class=\"ee-iconbox-title bde-h3\" >Agencies<\/h4>\n        <div class=\"ee-iconbox-text\" >that want white-label capability<\/div>\n    <\/div>\n\n<\/div>\n<\/div><\/div>\n<\/section><section class=\"bde-section-18-380 bde-section\">\n  \n  \n\t\n\n\n\n<div class=\"section-container\"><h2 class=\"bde-heading-18-381 bde-heading\">\nContact us to see if Guango is the right fit\u2026\n<\/h2><div class=\"bde-text-18-382 bde-text\">\n(Spoiler: It is.)\n<\/div><div class=\"bde-text-18-383 bde-text\">\nIf you're planning to launch a new venture or grow your brand, we're here to help!\n<\/div><div class=\"bde-button-18-384 bde-button\">\n    \n                                    \n    \n    \n    \n    \n            \n                    \n            \n            \n\n    \n    \n    \n    \n    \n    <a class=\"breakdance-link button-atom button-atom--custom bde-button__button\" href=\"https:\/\/guangobusiness.group\/en\/contacto\/\" target=\"_self\" data-type=\"url\"  >\n\n    \n        <span class=\"button-atom__text\">Contact Us<\/span>\n\n        \n        \n                <\/a>\n\n    \n\n\n<\/div><\/div>\n<\/section>","protected":false},"excerpt":{"rendered":"<p>A ideas Guangas, Soluciones firmes. Somos un ecosistema creativo que transforma ideas en soluciones estrat\u00e9gicas, visuales y tecnol\u00f3gicas. Explora nuestro manifiesto Contacto \u00bfQu\u00e9 es Guango? No somos una agencia m\u00e1s.Somos una plataforma de lanzamiento para marcas, ideas y personas que quieren hacer las cosas diferente.Aqu\u00ed, la creatividad se al\u00eda con los negocios. La estrategia con [&hellip;]<\/p>","protected":false},"author":1,"featured_media":0,"parent":0,"menu_order":0,"comment_status":"closed","ping_status":"closed","template":"","meta":{"_breakdance_hide_in_design_set":false,"_breakdance_tags":"","_joinchat":[],"footnotes":""},"class_list":["post-18","page","type-page","status-publish","hentry"],"_links":{"self":[{"href":"https:\/\/guangobusiness.group\/en\/wp-json\/wp\/v2\/pages\/18","targetHints":{"allow":["GET"]}}],"collection":[{"href":"https:\/\/guangobusiness.group\/en\/wp-json\/wp\/v2\/pages"}],"about":[{"href":"https:\/\/guangobusiness.group\/en\/wp-json\/wp\/v2\/types\/page"}],"author":[{"embeddable":true,"href":"https:\/\/guangobusiness.group\/en\/wp-json\/wp\/v2\/users\/1"}],"replies":[{"embeddable":true,"href":"https:\/\/guangobusiness.group\/en\/wp-json\/wp\/v2\/comments?post=18"}],"version-history":[{"count":0,"href":"https:\/\/guangobusiness.group\/en\/wp-json\/wp\/v2\/pages\/18\/revisions"}],"wp:attachment":[{"href":"https:\/\/guangobusiness.group\/en\/wp-json\/wp\/v2\/media?parent=18"}],"curies":[{"name":"wp","href":"https:\/\/api.w.org\/{rel}","templated":true}]}}